{"id":2531,"date":"2020-08-05T05:18:07","date_gmt":"2020-08-05T05:18:07","guid":{"rendered":"http:\/\/grada.wp\/vara\/?page_id=13"},"modified":"2024-04-26T09:49:31","modified_gmt":"2024-04-26T09:49:31","slug":"homepage","status":"publish","type":"page","link":"https:\/\/algarvelandscape.com\/en\/","title":{"rendered":"Home"},"content":{"rendered":"<div data-elementor-type=\"wp-page\" data-elementor-id=\"2531\" class=\"elementor elementor-2531\">\n\t\t\t\t\t\t<section class=\"elementor-section elementor-top-section elementor-element elementor-element-39add582 elementor-section-full_width elementor-section-height-default elementor-section-height-default gs-locked-section-no\" data-id=\"39add582\" data-element_type=\"section\">\n\t\t\t\t\t\t<div class=\"elementor-container elementor-column-gap-no\">\n\t\t\t\t\t<div class=\"elementor-column elementor-col-100 elementor-top-column elementor-element elementor-element-d405aa0\" data-id=\"d405aa0\" data-element_type=\"column\">\n\t\t\t<div class=\"elementor-widget-wrap elementor-element-populated\">\n\t\t\t\t\t\t<div class=\"elementor-element elementor-element-27b2345 elementor-widget elementor-widget-slider_revolution\" data-id=\"27b2345\" data-element_type=\"widget\" data-widget_type=\"slider_revolution.default\">\n\t\t\t\t<div class=\"elementor-widget-container\">\n\t\t\t\r\n\t\t<div class=\"wp-block-themepunch-revslider\">\n\t\t\t<!-- START Main Home REVOLUTION SLIDER 6.5.19 --><p class=\"rs-p-wp-fix\"><\/p>\n\t\t\t<rs-module-wrap id=\"rev_slider_1_1_wrapper\" data-source=\"gallery\" style=\"visibility:hidden;background:#dddddd;padding:0;margin:0px auto;margin-top:0;margin-bottom:0;\">\n\t\t\t\t<rs-module id=\"rev_slider_1_1\" style=\"\" data-version=\"6.5.19\">\n\t\t\t\t\t<rs-slides>\n\t\t\t\t\t\t<rs-slide style=\"position: absolute;\" data-key=\"rs-13\" data-title=\"Slide\" data-thumb=\"\/\/algarvelandscape.com\/wp-content\/uploads\/2024\/04\/P9090093_slider-100x50.jpg\" data-in=\"o:1;x:100%;\" data-out=\"a:false;\">\n\t\t\t\t\t\t\t<img fetchpriority=\"high\" decoding=\"async\" src=\"\/\/algarvelandscape.com\/wp-content\/plugins\/revslider\/public\/assets\/assets\/dummy.png\" alt=\"\" title=\"P9090093_slider\" width=\"1920\" height=\"1440\" class=\"rev-slidebg tp-rs-img rs-lazyload\" data-lazyload=\"\/\/algarvelandscape.com\/wp-content\/uploads\/2024\/04\/P9090093_slider.jpg\" data-bg=\"p:0% 65%;\" data-parallax=\"4\" data-no-retina>\n<!--\n\t\t\t\t\t\t\t--><rs-layer\n\t\t\t\t\t\t\t\tid=\"slider-1-slide-13-layer-1\" \n\t\t\t\t\t\t\t\tdata-type=\"text\"\n\t\t\t\t\t\t\t\tdata-tsh=\"c:rgba(0,0,0,0.75);h:7px;v:7px;b:10px;\"\n\t\t\t\t\t\t\t\tdata-xy=\"x:c,l,l,l;xo:0,0,20px,20px;y:t,t,m,m;yo:248px,195px,-51px,-43px;\"\n\t\t\t\t\t\t\t\tdata-text=\"w:normal;s:65,70,55,40;l:70,80,60,48;ls:0px,-1px,-1px,-1px;fw:300,400,400,400;a:center,inherit,inherit,inherit;\"\n\t\t\t\t\t\t\t\tdata-dim=\"w:642px,668px,510px,415px;h:240px,auto,auto,103px;\"\n\t\t\t\t\t\t\t\tdata-rsp_o=\"off\"\n\t\t\t\t\t\t\t\tdata-rsp_bd=\"off\"\n\t\t\t\t\t\t\t\tdata-frame_0=\"y:50px;\"\n\t\t\t\t\t\t\t\tdata-frame_1=\"e:power3.out;st:900;sp:1000;sR:700;\"\n\t\t\t\t\t\t\t\tdata-frame_999=\"o:0;st:w;sR:1300;\"\n\t\t\t\t\t\t\t\tstyle=\"z-index:9;font-family:'Overpass';\"\n\t\t\t\t\t\t\t>Algarve Landscape Architects \n\t\t\t\t\t\t\t<\/rs-layer><!--\n\n\t\t\t\t\t\t\t--><rs-layer\n\t\t\t\t\t\t\t\tid=\"slider-1-slide-13-layer-9\" \n\t\t\t\t\t\t\t\tdata-type=\"shape\"\n\t\t\t\t\t\t\t\tdata-rsp_ch=\"on\"\n\t\t\t\t\t\t\t\tdata-text=\"w:normal;s:20,18,15,7;l:0,23,19,8;\"\n\t\t\t\t\t\t\t\tdata-dim=\"w:100%;h:100%;\"\n\t\t\t\t\t\t\t\tdata-basealign=\"slide\"\n\t\t\t\t\t\t\t\tdata-blendmode=\"overlay\"\n\t\t\t\t\t\t\t\tdata-frame_0=\"x:100%;\"\n\t\t\t\t\t\t\t\tdata-frame_0_mask=\"u:t;\"\n\t\t\t\t\t\t\t\tdata-frame_1=\"sp:1000;\"\n\t\t\t\t\t\t\t\tdata-frame_1_mask=\"u:t;\"\n\t\t\t\t\t\t\t\tdata-frame_999=\"o:0;st:w;\"\n\t\t\t\t\t\t\t\tstyle=\"z-index:8;background-color:rgba(255,255,255,0.15);\"\n\t\t\t\t\t\t\t> \n\t\t\t\t\t\t\t<\/rs-layer><!--\n-->\t\t\t\t\t\t<\/rs-slide>\n\t\t\t\t\t\t<rs-slide style=\"position: absolute;\" data-key=\"rs-16\" data-title=\"Slide\" data-thumb=\"\/\/algarvelandscape.com\/wp-content\/uploads\/2024\/04\/IMG_3445-slider-100x50.jpg\" data-in=\"o:1;x:100%;\" data-out=\"a:false;\">\n\t\t\t\t\t\t\t<img decoding=\"async\" src=\"\/\/algarvelandscape.com\/wp-content\/plugins\/revslider\/public\/assets\/assets\/dummy.png\" alt=\"\" title=\"IMG_3445 slider\" width=\"1920\" height=\"1280\" class=\"rev-slidebg tp-rs-img rs-lazyload\" data-lazyload=\"\/\/algarvelandscape.com\/wp-content\/uploads\/2024\/04\/IMG_3445-slider.jpg\" data-bg=\"p:0% 65%;\" data-parallax=\"4\" data-no-retina>\n<!--\n\t\t\t\t\t\t\t--><rs-layer\n\t\t\t\t\t\t\t\tid=\"slider-1-slide-16-layer-1\" \n\t\t\t\t\t\t\t\tdata-type=\"text\"\n\t\t\t\t\t\t\t\tdata-tsh=\"c:rgba(0,0,0,0.75);h:7px;v:7px;b:10px;\"\n\t\t\t\t\t\t\t\tdata-xy=\"x:c,l,l,l;xo:0,0,20px,20px;y:t,t,m,m;yo:248px,195px,-51px,-43px;\"\n\t\t\t\t\t\t\t\tdata-text=\"w:normal;s:65,70,55,40;l:70,80,60,48;ls:0px,-1px,-1px,-1px;fw:300,400,400,400;a:center,inherit,inherit,inherit;\"\n\t\t\t\t\t\t\t\tdata-dim=\"w:642px,668px,510px,415px;h:240px,auto,auto,103px;\"\n\t\t\t\t\t\t\t\tdata-rsp_o=\"off\"\n\t\t\t\t\t\t\t\tdata-rsp_bd=\"off\"\n\t\t\t\t\t\t\t\tdata-frame_0=\"y:50px;\"\n\t\t\t\t\t\t\t\tdata-frame_1=\"e:power3.out;st:900;sp:1000;sR:700;\"\n\t\t\t\t\t\t\t\tdata-frame_999=\"o:0;st:w;sR:1300;\"\n\t\t\t\t\t\t\t\tstyle=\"z-index:9;font-family:'Overpass';\"\n\t\t\t\t\t\t\t>Algarve Landscape Architects \n\t\t\t\t\t\t\t<\/rs-layer><!--\n\n\t\t\t\t\t\t\t--><rs-layer\n\t\t\t\t\t\t\t\tid=\"slider-1-slide-16-layer-9\" \n\t\t\t\t\t\t\t\tdata-type=\"shape\"\n\t\t\t\t\t\t\t\tdata-rsp_ch=\"on\"\n\t\t\t\t\t\t\t\tdata-text=\"w:normal;s:20,18,15,7;l:0,23,19,8;\"\n\t\t\t\t\t\t\t\tdata-dim=\"w:100%;h:100%;\"\n\t\t\t\t\t\t\t\tdata-basealign=\"slide\"\n\t\t\t\t\t\t\t\tdata-blendmode=\"overlay\"\n\t\t\t\t\t\t\t\tdata-frame_0=\"x:100%;\"\n\t\t\t\t\t\t\t\tdata-frame_0_mask=\"u:t;\"\n\t\t\t\t\t\t\t\tdata-frame_1=\"sp:1000;\"\n\t\t\t\t\t\t\t\tdata-frame_1_mask=\"u:t;\"\n\t\t\t\t\t\t\t\tdata-frame_999=\"o:0;st:w;\"\n\t\t\t\t\t\t\t\tstyle=\"z-index:8;background-color:rgba(255,255,255,0.15);\"\n\t\t\t\t\t\t\t> \n\t\t\t\t\t\t\t<\/rs-layer><!--\n-->\t\t\t\t\t\t<\/rs-slide>\n\t\t\t\t\t\t<rs-slide style=\"position: absolute;\" data-key=\"rs-17\" data-title=\"Slide\" data-thumb=\"\/\/algarvelandscape.com\/wp-content\/uploads\/2024\/04\/IMG_1640-slider-100x50.jpg\" data-in=\"o:1;x:100%;\" data-out=\"a:false;\" id=\"sliderimg\">\n\t\t\t\t\t\t\t<img decoding=\"async\" src=\"\/\/algarvelandscape.com\/wp-content\/plugins\/revslider\/public\/assets\/assets\/dummy.png\" alt=\"\" title=\"IMG_1640 slider\" width=\"1920\" height=\"1280\" class=\"rev-slidebg tp-rs-img rs-lazyload\" data-lazyload=\"\/\/algarvelandscape.com\/wp-content\/uploads\/2024\/04\/IMG_1640-slider.jpg\" data-bg=\"p:0% 65%;\" data-parallax=\"4\" data-no-retina>\n<!--\n\t\t\t\t\t\t\t--><rs-layer\n\t\t\t\t\t\t\t\tid=\"slider-1-slide-17-layer-1\" \n\t\t\t\t\t\t\t\tdata-type=\"text\"\n\t\t\t\t\t\t\t\tdata-tsh=\"c:rgba(0,0,0,0.75);h:7px;v:7px;b:10px;\"\n\t\t\t\t\t\t\t\tdata-xy=\"x:c,l,l,l;xo:0,0,20px,20px;y:t,t,m,m;yo:248px,195px,-51px,-43px;\"\n\t\t\t\t\t\t\t\tdata-text=\"w:normal;s:65,70,55,40;l:70,80,60,48;ls:0px,-1px,-1px,-1px;fw:300,400,400,400;a:center,inherit,inherit,inherit;\"\n\t\t\t\t\t\t\t\tdata-dim=\"w:642px,668px,510px,415px;h:240px,auto,auto,103px;\"\n\t\t\t\t\t\t\t\tdata-rsp_o=\"off\"\n\t\t\t\t\t\t\t\tdata-rsp_bd=\"off\"\n\t\t\t\t\t\t\t\tdata-frame_0=\"y:50px;\"\n\t\t\t\t\t\t\t\tdata-frame_1=\"e:power3.out;st:900;sp:1000;sR:700;\"\n\t\t\t\t\t\t\t\tdata-frame_999=\"o:0;st:w;sR:1300;\"\n\t\t\t\t\t\t\t\tstyle=\"z-index:9;font-family:'Overpass';\"\n\t\t\t\t\t\t\t>Algarve Landscape Architects \n\t\t\t\t\t\t\t<\/rs-layer><!--\n\n\t\t\t\t\t\t\t--><rs-layer\n\t\t\t\t\t\t\t\tid=\"slider-1-slide-17-layer-9\" \n\t\t\t\t\t\t\t\tdata-type=\"shape\"\n\t\t\t\t\t\t\t\tdata-rsp_ch=\"on\"\n\t\t\t\t\t\t\t\tdata-text=\"w:normal;s:20,18,15,7;l:0,23,19,8;\"\n\t\t\t\t\t\t\t\tdata-dim=\"w:100%;h:100%;\"\n\t\t\t\t\t\t\t\tdata-basealign=\"slide\"\n\t\t\t\t\t\t\t\tdata-blendmode=\"overlay\"\n\t\t\t\t\t\t\t\tdata-frame_0=\"x:100%;\"\n\t\t\t\t\t\t\t\tdata-frame_0_mask=\"u:t;\"\n\t\t\t\t\t\t\t\tdata-frame_1=\"sp:1000;\"\n\t\t\t\t\t\t\t\tdata-frame_1_mask=\"u:t;\"\n\t\t\t\t\t\t\t\tdata-frame_999=\"o:0;st:w;\"\n\t\t\t\t\t\t\t\tstyle=\"z-index:8;background-color:rgba(255,255,255,0.15);\"\n\t\t\t\t\t\t\t> \n\t\t\t\t\t\t\t<\/rs-layer><!--\n-->\t\t\t\t\t\t<\/rs-slide>\n\t\t\t\t\t<\/rs-slides>\n\t\t\t\t\t<rs-static-layers><!--\n\t\t\t\t\t--><\/rs-static-layers>\n\t\t\t\t<\/rs-module>\n\t\t\t\t<script>\n\t\t\t\t\tsetREVStartSize({c: 'rev_slider_1_1',rl:[1240,1024,778,480],el:[820,625,700,770],gw:[1300,1200,1025,480],gh:[820,625,700,770],type:'standard',justify:'',layout:'fullwidth',mh:\"0\"});if (window.RS_MODULES!==undefined && window.RS_MODULES.modules!==undefined && window.RS_MODULES.modules[\"revslider11\"]!==undefined) {window.RS_MODULES.modules[\"revslider11\"].once = false;window.revapi1 = undefined;if (window.RS_MODULES.checkMinimal!==undefined) window.RS_MODULES.checkMinimal()}\n\t\t\t\t<\/script>\n\t\t\t<\/rs-module-wrap>\n\t\t\t<!-- END REVOLUTION SLIDER -->\n<\/div>\r\n\r\n\t\t\t\t<\/div>\n\t\t\t\t<\/div>\n\t\t\t\t\t<\/div>\n\t\t<\/div>\n\t\t\t\t\t<\/div>\n\t\t<\/section>\n\t\t\t\t<\/div>","protected":false},"excerpt":{"rendered":"","protected":false},"author":1,"featured_media":0,"parent":0,"menu_order":0,"comment_status":"closed","ping_status":"closed","template":"","meta":{"_acf_changed":false,"_themeisle_gutenberg_block_has_review":false,"footnotes":""},"acf":[],"yoast_head":"<!-- This site is optimized with the Yoast SEO plugin v23.4 - https:\/\/yoast.com\/wordpress\/plugins\/seo\/ -->\n<title>In\u00edcio - Arquitectura Paisagista | ALA - Algarve Landscape Architects<\/title>\n<meta name=\"description\" content=\"Algarve Landscape Architects: A experi\u00eancia acumulada, a utiliza\u00e7\u00e3o de esp\u00e9cies aut\u00f3ctones, as t\u00e9cnicas de irriga\u00e7\u00e3o otimizadas e as estrat\u00e9gias adaptadas \u00e0s condi\u00e7\u00f5es de cada lugar, constituem os nossos pilares de interven\u00e7\u00e3o.\" \/>\n<meta name=\"robots\" content=\"index, follow, max-snippet:-1, max-image-preview:large, max-video-preview:-1\" \/>\n<link rel=\"canonical\" href=\"https:\/\/algarvelandscape.com\/en\/\" \/>\n<meta property=\"og:locale\" content=\"en_GB\" \/>\n<meta property=\"og:type\" content=\"article\" \/>\n<meta property=\"og:title\" content=\"In\u00edcio - Arquitectura Paisagista | ALA - Algarve Landscape Architects\" \/>\n<meta property=\"og:description\" content=\"Algarve Landscape Architects: A experi\u00eancia acumulada, a utiliza\u00e7\u00e3o de esp\u00e9cies aut\u00f3ctones, as t\u00e9cnicas de irriga\u00e7\u00e3o otimizadas e as estrat\u00e9gias adaptadas \u00e0s condi\u00e7\u00f5es de cada lugar, constituem os nossos pilares de interven\u00e7\u00e3o.\" \/>\n<meta property=\"og:url\" content=\"https:\/\/algarvelandscape.com\/en\/\" \/>\n<meta property=\"og:site_name\" content=\"Arquitectura Paisagista | ALA - Algarve Landscape Architects\" \/>\n<meta property=\"article:modified_time\" content=\"2024-04-26T09:49:31+00:00\" \/>\n<meta name=\"twitter:card\" content=\"summary_large_image\" \/>\n<meta name=\"twitter:label1\" content=\"Estimated reading time\" \/>\n\t<meta name=\"twitter:data1\" content=\"1 minute\" \/>\n<script type=\"application\/ld+json\" class=\"yoast-schema-graph\">{\"@context\":\"https:\/\/schema.org\",\"@graph\":[{\"@type\":\"WebPage\",\"@id\":\"https:\/\/algarvelandscape.com\/\",\"url\":\"https:\/\/algarvelandscape.com\/\",\"name\":\"In\u00edcio - Arquitectura Paisagista | ALA - Algarve Landscape Architects\",\"isPartOf\":{\"@id\":\"https:\/\/algarvelandscape.com\/#website\"},\"datePublished\":\"2020-08-05T05:18:07+00:00\",\"dateModified\":\"2024-04-26T09:49:31+00:00\",\"description\":\"Algarve Landscape Architects: A experi\u00eancia acumulada, a utiliza\u00e7\u00e3o de esp\u00e9cies aut\u00f3ctones, as t\u00e9cnicas de irriga\u00e7\u00e3o otimizadas e as estrat\u00e9gias adaptadas \u00e0s condi\u00e7\u00f5es de cada lugar, constituem os nossos pilares de interven\u00e7\u00e3o.\",\"breadcrumb\":{\"@id\":\"https:\/\/algarvelandscape.com\/#breadcrumb\"},\"inLanguage\":\"en-GB\",\"potentialAction\":[{\"@type\":\"ReadAction\",\"target\":[\"https:\/\/algarvelandscape.com\/\"]}]},{\"@type\":\"BreadcrumbList\",\"@id\":\"https:\/\/algarvelandscape.com\/#breadcrumb\",\"itemListElement\":[{\"@type\":\"ListItem\",\"position\":1,\"name\":\"In\u00edcio\",\"item\":\"https:\/\/algarvelandscape.com\/\"},{\"@type\":\"ListItem\",\"position\":2,\"name\":\"In\u00edcio\"}]},{\"@type\":\"WebSite\",\"@id\":\"https:\/\/algarvelandscape.com\/#website\",\"url\":\"https:\/\/algarvelandscape.com\/\",\"name\":\"Arquitectura Paisagista | ALA - Algarve Landscape Architects\",\"description\":\"A experi\u00eancia acumulada, a utiliza\u00e7\u00e3o de esp\u00e9cies aut\u00f3ctones, as t\u00e9cnicas de irriga\u00e7\u00e3o optimizadas e as estrat\u00e9gias adaptadas \u00e0s condi\u00e7\u00f5es de cada lugar, constituem os nossos pilares de interven\u00e7\u00e3o.\",\"potentialAction\":[{\"@type\":\"SearchAction\",\"target\":{\"@type\":\"EntryPoint\",\"urlTemplate\":\"https:\/\/algarvelandscape.com\/?s={search_term_string}\"},\"query-input\":{\"@type\":\"PropertyValueSpecification\",\"valueRequired\":true,\"valueName\":\"search_term_string\"}}],\"inLanguage\":\"en-GB\"}]}<\/script>\n<!-- \/ Yoast SEO plugin. -->","yoast_head_json":{"title":"Home - Landscape Architecture | ALA - Algarve Landscape Architects","description":"Algarve Landscape Architects: Accumulated experience, the use of native species, optimised irrigation techniques and strategies adapted to the conditions of each location are the pillars of our intervention.","robots":{"index":"index","follow":"follow","max-snippet":"max-snippet:-1","max-image-preview":"max-image-preview:large","max-video-preview":"max-video-preview:-1"},"canonical":"https:\/\/algarvelandscape.com\/en\/","og_locale":"en_GB","og_type":"article","og_title":"In\u00edcio - Arquitectura Paisagista | ALA - Algarve Landscape Architects","og_description":"Algarve Landscape Architects: A experi\u00eancia acumulada, a utiliza\u00e7\u00e3o de esp\u00e9cies aut\u00f3ctones, as t\u00e9cnicas de irriga\u00e7\u00e3o otimizadas e as estrat\u00e9gias adaptadas \u00e0s condi\u00e7\u00f5es de cada lugar, constituem os nossos pilares de interven\u00e7\u00e3o.","og_url":"https:\/\/algarvelandscape.com\/en\/","og_site_name":"Arquitectura Paisagista | ALA - Algarve Landscape Architects","article_modified_time":"2024-04-26T09:49:31+00:00","twitter_card":"summary_large_image","twitter_misc":{"Estimated reading time":"1 minute"},"schema":{"@context":"https:\/\/schema.org","@graph":[{"@type":"WebPage","@id":"https:\/\/algarvelandscape.com\/","url":"https:\/\/algarvelandscape.com\/","name":"Home - Landscape Architecture | ALA - Algarve Landscape Architects","isPartOf":{"@id":"https:\/\/algarvelandscape.com\/#website"},"datePublished":"2020-08-05T05:18:07+00:00","dateModified":"2024-04-26T09:49:31+00:00","description":"Algarve Landscape Architects: Accumulated experience, the use of native species, optimised irrigation techniques and strategies adapted to the conditions of each location are the pillars of our intervention.","breadcrumb":{"@id":"https:\/\/algarvelandscape.com\/#breadcrumb"},"inLanguage":"en-GB","potentialAction":[{"@type":"ReadAction","target":["https:\/\/algarvelandscape.com\/"]}]},{"@type":"BreadcrumbList","@id":"https:\/\/algarvelandscape.com\/#breadcrumb","itemListElement":[{"@type":"ListItem","position":1,"name":"In\u00edcio","item":"https:\/\/algarvelandscape.com\/"},{"@type":"ListItem","position":2,"name":"In\u00edcio"}]},{"@type":"WebSite","@id":"https:\/\/algarvelandscape.com\/#website","url":"https:\/\/algarvelandscape.com\/","name":"Landscape Architecture | ALA - Algarve Landscape Architects","description":"Accumulated experience, the use of native species, optimised irrigation techniques and strategies adapted to the conditions of each location are the pillars of our intervention.","potentialAction":[{"@type":"SearchAction","target":{"@type":"EntryPoint","urlTemplate":"https:\/\/algarvelandscape.com\/?s={search_term_string}"},"query-input":{"@type":"PropertyValueSpecification","valueRequired":true,"valueName":"search_term_string"}}],"inLanguage":"en-GB"}]}},"_links":{"self":[{"href":"https:\/\/algarvelandscape.com\/en\/wp-json\/wp\/v2\/pages\/2531"}],"collection":[{"href":"https:\/\/algarvelandscape.com\/en\/wp-json\/wp\/v2\/pages"}],"about":[{"href":"https:\/\/algarvelandscape.com\/en\/wp-json\/wp\/v2\/types\/page"}],"author":[{"embeddable":true,"href":"https:\/\/algarvelandscape.com\/en\/wp-json\/wp\/v2\/users\/1"}],"replies":[{"embeddable":true,"href":"https:\/\/algarvelandscape.com\/en\/wp-json\/wp\/v2\/comments?post=2531"}],"version-history":[{"count":145,"href":"https:\/\/algarvelandscape.com\/en\/wp-json\/wp\/v2\/pages\/2531\/revisions"}],"predecessor-version":[{"id":3465,"href":"https:\/\/algarvelandscape.com\/en\/wp-json\/wp\/v2\/pages\/2531\/revisions\/3465"}],"wp:attachment":[{"href":"https:\/\/algarvelandscape.com\/en\/wp-json\/wp\/v2\/media?parent=2531"}],"curies":[{"name":"wp","href":"https:\/\/api.w.org\/{rel}","templated":true}]}}