{"id":3490,"date":"2024-05-17T13:23:53","date_gmt":"2024-05-17T13:23:53","guid":{"rendered":"https:\/\/algarvelandscape.com\/?page_id=3490"},"modified":"2024-05-17T13:28:02","modified_gmt":"2024-05-17T13:28:02","slug":"privacy-policy","status":"publish","type":"page","link":"https:\/\/algarvelandscape.com\/en\/privacy-policy\/","title":{"rendered":"Privacy Policy"},"content":{"rendered":"<div data-elementor-type=\"wp-page\" data-elementor-id=\"3490\" class=\"elementor elementor-3490\">\n\t\t\t\t<div class=\"elementor-element elementor-element-47eb482c e-grid e-con-full e-con e-parent\" data-id=\"47eb482c\" data-element_type=\"container\" data-settings=\"{&quot;background_background&quot;:&quot;slideshow&quot;,&quot;background_slideshow_gallery&quot;:[{&quot;id&quot;:2799,&quot;url&quot;:&quot;https:\\\/\\\/algarvelandscape.com\\\/wp-content\\\/uploads\\\/2024\\\/04\\\/calathea-orbifolia-natural-leaves-background-scaled.jpg&quot;}],&quot;background_slideshow_ken_burns&quot;:&quot;yes&quot;,&quot;background_slideshow_loop&quot;:&quot;yes&quot;,&quot;background_slideshow_slide_duration&quot;:5000,&quot;background_slideshow_slide_transition&quot;:&quot;fade&quot;,&quot;background_slideshow_transition_duration&quot;:500,&quot;background_slideshow_ken_burns_zoom_direction&quot;:&quot;in&quot;}\">\n\t\t\t\t<div class=\"elementor-element elementor-element-18725f61 elementor-widget elementor-widget-heading\" data-id=\"18725f61\" data-element_type=\"widget\" data-widget_type=\"heading.default\">\n\t\t\t\t<div class=\"elementor-widget-container\">\n\t\t\t<h2 class=\"elementor-heading-title elementor-size-default\">Privacy Policy<\/h2>\t\t<\/div>\n\t\t\t\t<\/div>\n\t\t\t\t<\/div>\n\t\t\t\t<section class=\"elementor-section elementor-top-section elementor-element elementor-element-380c81cc elementor-section-boxed elementor-section-height-default elementor-section-height-default gs-locked-section-no\" data-id=\"380c81cc\" data-element_type=\"section\">\n\t\t\t\t\t\t<div class=\"elementor-container elementor-column-gap-default\">\n\t\t\t\t\t<div class=\"elementor-column elementor-col-100 elementor-top-column elementor-element elementor-element-36dad3fe\" data-id=\"36dad3fe\" data-element_type=\"column\">\n\t\t\t<div class=\"elementor-widget-wrap elementor-element-populated\">\n\t\t\t\t\t\t<section class=\"elementor-section elementor-inner-section elementor-element elementor-element-1ee2d49e elementor-section-content-middle elementor-section-boxed elementor-section-height-default elementor-section-height-default gs-locked-section-no\" data-id=\"1ee2d49e\" data-element_type=\"section\">\n\t\t\t\t\t\t<div class=\"elementor-container elementor-column-gap-wider\">\n\t\t\t\t\t<div class=\"elementor-column elementor-col-100 elementor-inner-column elementor-element elementor-element-2c8f8445\" data-id=\"2c8f8445\" data-element_type=\"column\">\n\t\t\t<div class=\"elementor-widget-wrap elementor-element-populated\">\n\t\t\t\t\t\t<div class=\"elementor-element elementor-element-12e02600 elementor-widget-divider--separator-type-pattern elementor-widget-divider--view-line elementor-widget elementor-widget-divider\" data-id=\"12e02600\" data-element_type=\"widget\" data-widget_type=\"divider.default\">\n\t\t\t\t<div class=\"elementor-widget-container\">\n\t\t\t\t\t<div class=\"elementor-divider\" style=\"--divider-pattern-url: url(&quot;data:image\/svg+xml,%3Csvg xmlns=&#039;http:\/\/www.w3.org\/2000\/svg&#039; preserveAspectRatio=&#039;none&#039; overflow=&#039;visible&#039; height=&#039;100%&#039; viewBox=&#039;0 0 20 16&#039; fill=&#039;none&#039; stroke=&#039;black&#039; stroke-width=&#039;1&#039; stroke-linecap=&#039;square&#039; stroke-miterlimit=&#039;10&#039;%3E%3Cg transform=&#039;translate(-12.000000, 0)&#039;%3E%3Cpath d=&#039;M28,0L10,18&#039;\/%3E%3Cpath d=&#039;M18,0L0,18&#039;\/%3E%3Cpath d=&#039;M48,0L30,18&#039;\/%3E%3Cpath d=&#039;M38,0L20,18&#039;\/%3E%3C\/g%3E%3C\/svg%3E&quot;);\">\n\t\t\t<span class=\"elementor-divider-separator\">\n\t\t\t\t\t\t<\/span>\n\t\t<\/div>\n\t\t\t\t<\/div>\n\t\t\t\t<\/div>\n\t\t\t\t<div class=\"elementor-element elementor-element-b6567fb elementor-widget elementor-widget-text-editor\" data-id=\"b6567fb\" data-element_type=\"widget\" data-widget_type=\"text-editor.default\">\n\t\t\t\t<div class=\"elementor-widget-container\">\n\t\t\t\t\t\t\t<h3><strong>Privacy and Cookie Policy<\/strong><\/h3><p>Your privacy is important to us. This Privacy and Cookies Policy explains how we collect, use, disclose and protect your personal information, as well as the use of cookies on our website.<\/p><p>\u00a0<\/p><p>\u00a0<\/p><h3><strong>Collecting Information<\/strong><\/h3><p>When you visit our site, we may collect personal information that you provide to us, such as your name, e-mail address and contact information. We may also automatically collect information about your device and your use of our site, through cookies and other tracking technologies.<\/p><p>\u00a0<\/p><p>\u00a0<\/p><h3><strong>Use of Information<\/strong><\/h3><p>We use the information we collect to provide our services, personalise your experience on the site, communicate with you and improve our products and services. We do not share your personal information with third parties, except when necessary to provide our services or comply with the law.<\/p><p>\u00a0<\/p><p>\u00a0<\/p><h3><strong>Cookie Policy<\/strong><\/h3><p>Cookies are small text files that are stored on your device when you visit a website. We use cookies to improve your browsing experience, analyse website traffic and personalise content. You can control the use of cookies in your browser settings. By continuing to use our website, you consent to the use of cookies in accordance with this policy.<\/p><p>\u00a0<\/p><p>\u00a0<\/p><h3><strong>Information Protection<\/strong><\/h3><p>We take steps to protect your personal information from unauthorised access, alteration, disclosure or destruction. However, it is important to remember that no method of transmission over the internet or electronic storage is 100% secure.<\/p><p>\u00a0<\/p><p>\u00a0<\/p><h3><strong>Changes to this Policy<\/strong><\/h3><p>We reserve the right to update this Privacy and Cookie Policy from time to time. We recommend that you review this page regularly to be aware of any changes. Your continued use of the site following the posting of changes to this Privacy and Cookies Policy will be deemed acceptance of those changes.<\/p><p>\u00a0<\/p><p>\u00a0<\/p><h3><strong>Contact<\/strong><\/h3><p>If you have any questions about this Privacy and Cookies Policy, please contact us using the details provided on our website.<\/p>\t\t\t\t\t\t<\/div>\n\t\t\t\t<\/div>\n\t\t\t\t\t<\/div>\n\t\t<\/div>\n\t\t\t\t\t<\/div>\n\t\t<\/section>\n\t\t\t\t\t<\/div>\n\t\t<\/div>\n\t\t\t\t\t<\/div>\n\t\t<\/section>\n\t\t\t\t<\/div>","protected":false},"excerpt":{"rendered":"<p>Privacy Policy Privacy and Cookie Policy Your privacy is important to us. This Privacy and Cookies Policy explains how...<\/p>","protected":false},"author":1,"featured_media":0,"parent":0,"menu_order":0,"comment_status":"closed","ping_status":"closed","template":"","meta":{"_acf_changed":false,"_themeisle_gutenberg_block_has_review":false,"footnotes":""},"acf":[],"yoast_head":"<!-- This site is optimized with the Yoast SEO plugin v23.4 - https:\/\/yoast.com\/wordpress\/plugins\/seo\/ -->\n<title>Pol\u00edtica de Privacidade - Arquitectura Paisagista | ALA - Algarve Landscape Architects<\/title>\n<meta name=\"robots\" content=\"index, follow, max-snippet:-1, max-image-preview:large, max-video-preview:-1\" \/>\n<link rel=\"canonical\" href=\"https:\/\/algarvelandscape.com\/en\/privacy-policy\/\" \/>\n<meta property=\"og:locale\" content=\"en_GB\" \/>\n<meta property=\"og:type\" content=\"article\" \/>\n<meta property=\"og:title\" content=\"Pol\u00edtica de Privacidade - Arquitectura Paisagista | ALA - Algarve Landscape Architects\" \/>\n<meta property=\"og:description\" content=\"Pol\u00edtica de Privacidade Pol\u00edtica de Privacidade e Cookies A sua privacidade \u00e9 importante para n\u00f3s. Esta Pol\u00edtica de Privacidade e Cookies explica como...\" \/>\n<meta property=\"og:url\" content=\"https:\/\/algarvelandscape.com\/en\/privacy-policy\/\" \/>\n<meta property=\"og:site_name\" content=\"Arquitectura Paisagista | ALA - Algarve Landscape Architects\" \/>\n<meta property=\"article:modified_time\" content=\"2024-05-17T13:28:02+00:00\" \/>\n<meta name=\"twitter:card\" content=\"summary_large_image\" \/>\n<meta name=\"twitter:label1\" content=\"Estimated reading time\" \/>\n\t<meta name=\"twitter:data1\" content=\"2 minutes\" \/>\n<script type=\"application\/ld+json\" class=\"yoast-schema-graph\">{\"@context\":\"https:\/\/schema.org\",\"@graph\":[{\"@type\":\"WebPage\",\"@id\":\"https:\/\/algarvelandscape.com\/politica-de-privacidade\/\",\"url\":\"https:\/\/algarvelandscape.com\/politica-de-privacidade\/\",\"name\":\"Pol\u00edtica de Privacidade - Arquitectura Paisagista | ALA - Algarve Landscape Architects\",\"isPartOf\":{\"@id\":\"https:\/\/algarvelandscape.com\/#website\"},\"datePublished\":\"2024-05-17T13:23:53+00:00\",\"dateModified\":\"2024-05-17T13:28:02+00:00\",\"breadcrumb\":{\"@id\":\"https:\/\/algarvelandscape.com\/politica-de-privacidade\/#breadcrumb\"},\"inLanguage\":\"en-GB\",\"potentialAction\":[{\"@type\":\"ReadAction\",\"target\":[\"https:\/\/algarvelandscape.com\/politica-de-privacidade\/\"]}]},{\"@type\":\"BreadcrumbList\",\"@id\":\"https:\/\/algarvelandscape.com\/politica-de-privacidade\/#breadcrumb\",\"itemListElement\":[{\"@type\":\"ListItem\",\"position\":1,\"name\":\"In\u00edcio\",\"item\":\"https:\/\/algarvelandscape.com\/\"},{\"@type\":\"ListItem\",\"position\":2,\"name\":\"Pol\u00edtica de Privacidade\"}]},{\"@type\":\"WebSite\",\"@id\":\"https:\/\/algarvelandscape.com\/#website\",\"url\":\"https:\/\/algarvelandscape.com\/\",\"name\":\"Arquitectura Paisagista | ALA - Algarve Landscape Architects\",\"description\":\"A experi\u00eancia acumulada, a utiliza\u00e7\u00e3o de esp\u00e9cies aut\u00f3ctones, as t\u00e9cnicas de irriga\u00e7\u00e3o optimizadas e as estrat\u00e9gias adaptadas \u00e0s condi\u00e7\u00f5es de cada lugar, constituem os nossos pilares de interven\u00e7\u00e3o.\",\"potentialAction\":[{\"@type\":\"SearchAction\",\"target\":{\"@type\":\"EntryPoint\",\"urlTemplate\":\"https:\/\/algarvelandscape.com\/?s={search_term_string}\"},\"query-input\":{\"@type\":\"PropertyValueSpecification\",\"valueRequired\":true,\"valueName\":\"search_term_string\"}}],\"inLanguage\":\"en-GB\"}]}<\/script>\n<!-- \/ Yoast SEO plugin. -->","yoast_head_json":{"title":"Privacy Policy - Landscape Architecture | ALA - Algarve Landscape Architects","robots":{"index":"index","follow":"follow","max-snippet":"max-snippet:-1","max-image-preview":"max-image-preview:large","max-video-preview":"max-video-preview:-1"},"canonical":"https:\/\/algarvelandscape.com\/en\/privacy-policy\/","og_locale":"en_GB","og_type":"article","og_title":"Pol\u00edtica de Privacidade - Arquitectura Paisagista | ALA - Algarve Landscape Architects","og_description":"Pol\u00edtica de Privacidade Pol\u00edtica de Privacidade e Cookies A sua privacidade \u00e9 importante para n\u00f3s. Esta Pol\u00edtica de Privacidade e Cookies explica como...","og_url":"https:\/\/algarvelandscape.com\/en\/privacy-policy\/","og_site_name":"Arquitectura Paisagista | ALA - Algarve Landscape Architects","article_modified_time":"2024-05-17T13:28:02+00:00","twitter_card":"summary_large_image","twitter_misc":{"Estimated reading time":"2 minutes"},"schema":{"@context":"https:\/\/schema.org","@graph":[{"@type":"WebPage","@id":"https:\/\/algarvelandscape.com\/politica-de-privacidade\/","url":"https:\/\/algarvelandscape.com\/politica-de-privacidade\/","name":"Privacy Policy - Landscape Architecture | ALA - Algarve Landscape Architects","isPartOf":{"@id":"https:\/\/algarvelandscape.com\/#website"},"datePublished":"2024-05-17T13:23:53+00:00","dateModified":"2024-05-17T13:28:02+00:00","breadcrumb":{"@id":"https:\/\/algarvelandscape.com\/politica-de-privacidade\/#breadcrumb"},"inLanguage":"en-GB","potentialAction":[{"@type":"ReadAction","target":["https:\/\/algarvelandscape.com\/politica-de-privacidade\/"]}]},{"@type":"BreadcrumbList","@id":"https:\/\/algarvelandscape.com\/politica-de-privacidade\/#breadcrumb","itemListElement":[{"@type":"ListItem","position":1,"name":"In\u00edcio","item":"https:\/\/algarvelandscape.com\/"},{"@type":"ListItem","position":2,"name":"Pol\u00edtica de Privacidade"}]},{"@type":"WebSite","@id":"https:\/\/algarvelandscape.com\/#website","url":"https:\/\/algarvelandscape.com\/","name":"Landscape Architecture | ALA - Algarve Landscape Architects","description":"Accumulated experience, the use of native species, optimised irrigation techniques and strategies adapted to the conditions of each location are the pillars of our intervention.","potentialAction":[{"@type":"SearchAction","target":{"@type":"EntryPoint","urlTemplate":"https:\/\/algarvelandscape.com\/?s={search_term_string}"},"query-input":{"@type":"PropertyValueSpecification","valueRequired":true,"valueName":"search_term_string"}}],"inLanguage":"en-GB"}]}},"_links":{"self":[{"href":"https:\/\/algarvelandscape.com\/en\/wp-json\/wp\/v2\/pages\/3490"}],"collection":[{"href":"https:\/\/algarvelandscape.com\/en\/wp-json\/wp\/v2\/pages"}],"about":[{"href":"https:\/\/algarvelandscape.com\/en\/wp-json\/wp\/v2\/types\/page"}],"author":[{"embeddable":true,"href":"https:\/\/algarvelandscape.com\/en\/wp-json\/wp\/v2\/users\/1"}],"replies":[{"embeddable":true,"href":"https:\/\/algarvelandscape.com\/en\/wp-json\/wp\/v2\/comments?post=3490"}],"version-history":[{"count":4,"href":"https:\/\/algarvelandscape.com\/en\/wp-json\/wp\/v2\/pages\/3490\/revisions"}],"predecessor-version":[{"id":3495,"href":"https:\/\/algarvelandscape.com\/en\/wp-json\/wp\/v2\/pages\/3490\/revisions\/3495"}],"wp:attachment":[{"href":"https:\/\/algarvelandscape.com\/en\/wp-json\/wp\/v2\/media?parent=3490"}],"curies":[{"name":"wp","href":"https:\/\/api.w.org\/{rel}","templated":true}]}}