{"id":475,"date":"2020-08-10T08:39:33","date_gmt":"2020-08-10T08:39:33","guid":{"rendered":"http:\/\/grada.wp\/vara\/?page_id=475"},"modified":"2026-01-27T11:10:36","modified_gmt":"2026-01-27T11:10:36","slug":"blog","status":"publish","type":"page","link":"https:\/\/algarvelandscape.com\/en\/blog\/","title":{"rendered":"Blog"},"content":{"rendered":"<div data-elementor-type=\"wp-page\" data-elementor-id=\"475\" class=\"elementor elementor-475\">\n\t\t\t\t<div class=\"elementor-element elementor-element-5529643d e-grid e-con-full e-con e-parent\" data-id=\"5529643d\" data-element_type=\"container\" data-settings=\"{&quot;background_background&quot;:&quot;slideshow&quot;,&quot;background_slideshow_gallery&quot;:[{&quot;id&quot;:2963,&quot;url&quot;:&quot;https:\\\/\\\/algarvelandscape.com\\\/wp-content\\\/uploads\\\/2024\\\/04\\\/vista-superior-do-espaco-de-trabalho-com-laptop-e-notebook-scaled.jpg&quot;}],&quot;background_slideshow_ken_burns&quot;:&quot;yes&quot;,&quot;background_slideshow_loop&quot;:&quot;yes&quot;,&quot;background_slideshow_slide_duration&quot;:5000,&quot;background_slideshow_slide_transition&quot;:&quot;fade&quot;,&quot;background_slideshow_transition_duration&quot;:500,&quot;background_slideshow_ken_burns_zoom_direction&quot;:&quot;in&quot;}\">\n\t\t\t\t<div class=\"elementor-element elementor-element-2378986b elementor-widget elementor-widget-heading\" data-id=\"2378986b\" data-element_type=\"widget\" data-widget_type=\"heading.default\">\n\t\t\t\t<div class=\"elementor-widget-container\">\n\t\t\t<h2 class=\"elementor-heading-title elementor-size-default\">Blog<\/h2>\t\t<\/div>\n\t\t\t\t<\/div>\n\t\t\t\t<\/div>\n\t\t\t\t<section class=\"elementor-section elementor-top-section elementor-element elementor-element-29b73e5 elementor-section-boxed elementor-section-height-default elementor-section-height-default gs-locked-section-no\" data-id=\"29b73e5\" data-element_type=\"section\">\n\t\t\t\t\t\t<div class=\"elementor-container elementor-column-gap-default\">\n\t\t\t\t\t<div class=\"elementor-column elementor-col-100 elementor-top-column elementor-element elementor-element-ebdda80\" data-id=\"ebdda80\" data-element_type=\"column\">\n\t\t\t<div class=\"elementor-widget-wrap elementor-element-populated\">\n\t\t\t\t\t\t<section class=\"elementor-section elementor-inner-section elementor-element elementor-element-01268d8 elementor-reverse-mobile elementor-section-boxed elementor-section-height-default elementor-section-height-default gs-locked-section-no\" data-id=\"01268d8\" data-element_type=\"section\">\n\t\t\t\t\t\t<div class=\"elementor-container elementor-column-gap-wider\">\n\t\t\t\t\t<div class=\"elementor-column elementor-col-100 elementor-inner-column elementor-element elementor-element-98ced8e\" data-id=\"98ced8e\" data-element_type=\"column\">\n\t\t\t<div class=\"elementor-widget-wrap elementor-element-populated\">\n\t\t\t\t\t\t<div class=\"elementor-element elementor-element-b3c19c5 layout-waves-no elementor-widget elementor-widget-grada-blog-posts\" data-id=\"b3c19c5\" data-element_type=\"widget\" data-widget_type=\"grada-blog-posts.default\">\n\t\t\t\t<div class=\"elementor-widget-container\">\n\t\t\t\t\t\t<div class=\"gs-entries-wrapper gs-entries-filter gs-entries-style-classic-grid gs-blog-wrapper\" data-entries-id=\"b3c19c5\">\n\t\t\t\t                <div class=\"gs-blog-holder-inner gs-blog-style-classic-grid gs-overflow-hidden\">\n\t\t\t\t\t\n\t<div class=\"row isotope-container\" data-entries-source=\"0fd146137be01b33ead08c5565504972\">\n\t\t\t\t\t\t\t\t<article class=\"iso-item col-lg-12 exterior post-3797 post type-post status-publish format-standard has-post-thumbnail hentry category-exterior\" id=\"id-3797\" data-col-num=\"1-column\" data-entry-id=\"3797\">\n\t\t\t\t<div class=\"entry-holder gs-blog-item wow gsFadeInUp\" >\n\t\t\t\t\t\n<div class=\"gs-blog-post gs-blog-post--classic-grid\">\n\n            <div class=\"entry-thumbnail\">\n            <a href=\"https:\/\/algarvelandscape.com\/en\/topography-as-a-structural-design-decision-in-landscape-architecture\/\" class=\"entry-thumbnail__link\">\n                                    <div class=\"entry-image-ratio\" style=\"padding-bottom: 75.000000% !important;\">\n                        <img fetchpriority=\"high\" decoding=\"async\" width=\"1600\" height=\"1200\" src=\"https:\/\/algarvelandscape.com\/wp-content\/uploads\/2026\/01\/IMG-20250908-WA0020.jpg\" class=\"attachment-post-thumbnail size-post-thumbnail wp-post-image\" alt=\"\" srcset=\"https:\/\/algarvelandscape.com\/wp-content\/uploads\/2026\/01\/IMG-20250908-WA0020.jpg 1600w, https:\/\/algarvelandscape.com\/wp-content\/uploads\/2026\/01\/IMG-20250908-WA0020-300x225.jpg 300w, https:\/\/algarvelandscape.com\/wp-content\/uploads\/2026\/01\/IMG-20250908-WA0020-1024x768.jpg 1024w, https:\/\/algarvelandscape.com\/wp-content\/uploads\/2026\/01\/IMG-20250908-WA0020-768x576.jpg 768w, https:\/\/algarvelandscape.com\/wp-content\/uploads\/2026\/01\/IMG-20250908-WA0020-1536x1152.jpg 1536w, https:\/\/algarvelandscape.com\/wp-content\/uploads\/2026\/01\/IMG-20250908-WA0020-16x12.jpg 16w\" sizes=\"(max-width: 1600px) 100vw, 1600px\" \/>                    <\/div>\n                            <\/a>\n        <\/div>\n    \n    <div class=\"entry-details\">\n        <div class=\"entry-details__inner\">\n\n\t\t\t                <div class=\"entry-details-meta\">\n\t\t\t\t\t<span class=\"entry-meta-date gs-divider\">\n    <span>January 27, 2026<\/span>\n<\/span><div class=\"entry-meta-category gs-divider\">\n\t<ul>\n\t\t\t\t\t<li><a href=\"https:\/\/algarvelandscape.com\/en\/category\/outside\/\">Exterior<\/a><\/li>\n\t\t\t<\/ul>\n<\/div>\n                <\/div>\n\t\t\t\n\t\t\t                <h4 class=\"entry-details-title\">\n                    <a href=\"https:\/\/algarvelandscape.com\/en\/topography-as-a-structural-design-decision-in-landscape-architecture\/\">Topography as a structural design decision in Landscape Architecture<\/a>\n                <\/h4>\n\t\t\t\n\t\t\t<p>Topography as the project's starting point In many design processes, topography is treated as a given or as...<\/p>\n            <a class=\"gs-read-more\" href=\"https:\/\/algarvelandscape.com\/en\/topography-as-a-structural-design-decision-in-landscape-architecture\/\">\n                <span class=\"text\">Read More<\/span>\n                <svg version=\"1.1\" xmlns=\"http:\/\/www.w3.org\/2000\/svg\" xmlns:xlink=\"http:\/\/www.w3.org\/1999\/xlink\" x=\"0px\" y=\"0px\" viewbox=\"0 0 22 12\" style=\"enable-background:new 0 0 22 12;\" xml:space=\"preserve\"><line x1=\"0.3\" y1=\"6\" x2=\"21.3\" y2=\"6\"><\/line><polyline points=\"15.8,0.6 21.3,6 15.8,11.4 \"><\/polyline><\/svg>\n            <\/a>\n        <\/div>\n    <\/div>\n\n<\/div>                <\/div>\n\t\t\t<\/article>\n\t\t\t\t\t\t\t\t<article class=\"iso-item col-lg-12 exterior post-3786 post type-post status-publish format-standard has-post-thumbnail hentry category-exterior\" id=\"id-3786\" data-col-num=\"1-column\" data-entry-id=\"3786\">\n\t\t\t\t<div class=\"entry-holder gs-blog-item wow gsFadeInUp\" data-wow-delay=\"0.2s\">\n\t\t\t\t\t\n<div class=\"gs-blog-post gs-blog-post--classic-grid\">\n\n            <div class=\"entry-thumbnail\">\n            <a href=\"https:\/\/algarvelandscape.com\/en\/the-importance-of-monitoring-garden-maintenance\/\" class=\"entry-thumbnail__link\">\n                                    <div class=\"entry-image-ratio\" style=\"padding-bottom: 77.187500% !important;\">\n                        <img decoding=\"async\" width=\"2560\" height=\"1976\" src=\"https:\/\/algarvelandscape.com\/wp-content\/uploads\/2025\/07\/capa-scaled.jpg\" class=\"attachment-post-thumbnail size-post-thumbnail wp-post-image\" alt=\"\" srcset=\"https:\/\/algarvelandscape.com\/wp-content\/uploads\/2025\/07\/capa-scaled.jpg 2560w, https:\/\/algarvelandscape.com\/wp-content\/uploads\/2025\/07\/capa-300x232.jpg 300w, https:\/\/algarvelandscape.com\/wp-content\/uploads\/2025\/07\/capa-1024x791.jpg 1024w, https:\/\/algarvelandscape.com\/wp-content\/uploads\/2025\/07\/capa-768x593.jpg 768w, https:\/\/algarvelandscape.com\/wp-content\/uploads\/2025\/07\/capa-1536x1186.jpg 1536w, https:\/\/algarvelandscape.com\/wp-content\/uploads\/2025\/07\/capa-2048x1581.jpg 2048w, https:\/\/algarvelandscape.com\/wp-content\/uploads\/2025\/07\/capa-16x12.jpg 16w\" sizes=\"(max-width: 2560px) 100vw, 2560px\" \/>                    <\/div>\n                            <\/a>\n        <\/div>\n    \n    <div class=\"entry-details\">\n        <div class=\"entry-details__inner\">\n\n\t\t\t                <div class=\"entry-details-meta\">\n\t\t\t\t\t<span class=\"entry-meta-date gs-divider\">\n    <span>July 4, 2025<\/span>\n<\/span><div class=\"entry-meta-category gs-divider\">\n\t<ul>\n\t\t\t\t\t<li><a href=\"https:\/\/algarvelandscape.com\/en\/category\/outside\/\">Exterior<\/a><\/li>\n\t\t\t<\/ul>\n<\/div>\n                <\/div>\n\t\t\t\n\t\t\t                <h4 class=\"entry-details-title\">\n                    <a href=\"https:\/\/algarvelandscape.com\/en\/the-importance-of-monitoring-garden-maintenance\/\">Why monitoring garden maintenance matters<\/a>\n                <\/h4>\n\t\t\t\n\t\t\t<p>In a garden, maintenance isn't just a matter of routine - it's a natural extension of the project. Over time, the conditions...<\/p>\n            <a class=\"gs-read-more\" href=\"https:\/\/algarvelandscape.com\/en\/the-importance-of-monitoring-garden-maintenance\/\">\n                <span class=\"text\">Read More<\/span>\n                <svg version=\"1.1\" xmlns=\"http:\/\/www.w3.org\/2000\/svg\" xmlns:xlink=\"http:\/\/www.w3.org\/1999\/xlink\" x=\"0px\" y=\"0px\" viewbox=\"0 0 22 12\" style=\"enable-background:new 0 0 22 12;\" xml:space=\"preserve\"><line x1=\"0.3\" y1=\"6\" x2=\"21.3\" y2=\"6\"><\/line><polyline points=\"15.8,0.6 21.3,6 15.8,11.4 \"><\/polyline><\/svg>\n            <\/a>\n        <\/div>\n    <\/div>\n\n<\/div>                <\/div>\n\t\t\t<\/article>\n\t\t\t\t\t\t\t\t<article class=\"iso-item col-lg-12 exterior post-3781 post type-post status-publish format-standard has-post-thumbnail hentry category-exterior\" id=\"id-3781\" data-col-num=\"1-column\" data-entry-id=\"3781\">\n\t\t\t\t<div class=\"entry-holder gs-blog-item wow gsFadeInUp\" data-wow-delay=\"0.4s\">\n\t\t\t\t\t\n<div class=\"gs-blog-post gs-blog-post--classic-grid\">\n\n            <div class=\"entry-thumbnail\">\n            <a href=\"https:\/\/algarvelandscape.com\/en\/why-you-should-hire-a-professional-landscaper\/\" class=\"entry-thumbnail__link\">\n                                    <div class=\"entry-image-ratio\" style=\"padding-bottom: 75.000000% !important;\">\n                        <img decoding=\"async\" width=\"2560\" height=\"1920\" src=\"https:\/\/algarvelandscape.com\/wp-content\/uploads\/2020\/08\/P9090082-scaled.jpg\" class=\"attachment-post-thumbnail size-post-thumbnail wp-post-image\" alt=\"Quarteira entrance\" srcset=\"https:\/\/algarvelandscape.com\/wp-content\/uploads\/2020\/08\/P9090082-scaled.jpg 2560w, https:\/\/algarvelandscape.com\/wp-content\/uploads\/2020\/08\/P9090082-300x225.jpg 300w, https:\/\/algarvelandscape.com\/wp-content\/uploads\/2020\/08\/P9090082-1024x768.jpg 1024w, https:\/\/algarvelandscape.com\/wp-content\/uploads\/2020\/08\/P9090082-768x576.jpg 768w, https:\/\/algarvelandscape.com\/wp-content\/uploads\/2020\/08\/P9090082-1536x1152.jpg 1536w, https:\/\/algarvelandscape.com\/wp-content\/uploads\/2020\/08\/P9090082-2048x1536.jpg 2048w\" sizes=\"(max-width: 2560px) 100vw, 2560px\" \/>                    <\/div>\n                            <\/a>\n        <\/div>\n    \n    <div class=\"entry-details\">\n        <div class=\"entry-details__inner\">\n\n\t\t\t                <div class=\"entry-details-meta\">\n\t\t\t\t\t<span class=\"entry-meta-date gs-divider\">\n    <span>October 24, 2024<\/span>\n<\/span><div class=\"entry-meta-category gs-divider\">\n\t<ul>\n\t\t\t\t\t<li><a href=\"https:\/\/algarvelandscape.com\/en\/category\/outside\/\">Exterior<\/a><\/li>\n\t\t\t<\/ul>\n<\/div>\n                <\/div>\n\t\t\t\n\t\t\t                <h4 class=\"entry-details-title\">\n                    <a href=\"https:\/\/algarvelandscape.com\/en\/why-you-should-hire-a-professional-landscaper\/\">Why Should You Hire a Professional Landscaper?<\/a>\n                <\/h4>\n\t\t\t\n\t\t\t<p>When it comes to transforming an outdoor space, the decision between doing it yourself or hiring a professional can be difficult. However...<\/p>\n            <a class=\"gs-read-more\" href=\"https:\/\/algarvelandscape.com\/en\/why-you-should-hire-a-professional-landscaper\/\">\n                <span class=\"text\">Read More<\/span>\n                <svg version=\"1.1\" xmlns=\"http:\/\/www.w3.org\/2000\/svg\" xmlns:xlink=\"http:\/\/www.w3.org\/1999\/xlink\" x=\"0px\" y=\"0px\" viewbox=\"0 0 22 12\" style=\"enable-background:new 0 0 22 12;\" xml:space=\"preserve\"><line x1=\"0.3\" y1=\"6\" x2=\"21.3\" y2=\"6\"><\/line><polyline points=\"15.8,0.6 21.3,6 15.8,11.4 \"><\/polyline><\/svg>\n            <\/a>\n        <\/div>\n    <\/div>\n\n<\/div>                <\/div>\n\t\t\t<\/article>\n\t\t\t\t\t\t\t\t<article class=\"iso-item col-lg-12 exterior post-3778 post type-post status-publish format-standard has-post-thumbnail hentry category-exterior\" id=\"id-3778\" data-col-num=\"1-column\" data-entry-id=\"3778\">\n\t\t\t\t<div class=\"entry-holder gs-blog-item wow gsFadeInUp\" data-wow-delay=\"0.6s\">\n\t\t\t\t\t\n<div class=\"gs-blog-post gs-blog-post--classic-grid\">\n\n            <div class=\"entry-thumbnail\">\n            <a href=\"https:\/\/algarvelandscape.com\/en\/discover-the-magic-of-spring-in-the-algarve-with-genista-hirsuta\/\" class=\"entry-thumbnail__link\">\n                                    <div class=\"entry-image-ratio\" style=\"padding-bottom: 60.634921% !important;\">\n                        <img loading=\"lazy\" decoding=\"async\" width=\"630\" height=\"382\" src=\"https:\/\/algarvelandscape.com\/wp-content\/uploads\/2024\/10\/genistahirsuta1.jpg\" class=\"attachment-post-thumbnail size-post-thumbnail wp-post-image\" alt=\"\" srcset=\"https:\/\/algarvelandscape.com\/wp-content\/uploads\/2024\/10\/genistahirsuta1.jpg 630w, https:\/\/algarvelandscape.com\/wp-content\/uploads\/2024\/10\/genistahirsuta1-300x182.jpg 300w, https:\/\/algarvelandscape.com\/wp-content\/uploads\/2024\/10\/genistahirsuta1-18x12.jpg 18w\" sizes=\"(max-width: 630px) 100vw, 630px\" \/>                    <\/div>\n                            <\/a>\n        <\/div>\n    \n    <div class=\"entry-details\">\n        <div class=\"entry-details__inner\">\n\n\t\t\t                <div class=\"entry-details-meta\">\n\t\t\t\t\t<span class=\"entry-meta-date gs-divider\">\n    <span>October 24, 2024<\/span>\n<\/span><div class=\"entry-meta-category gs-divider\">\n\t<ul>\n\t\t\t\t\t<li><a href=\"https:\/\/algarvelandscape.com\/en\/category\/outside\/\">Exterior<\/a><\/li>\n\t\t\t<\/ul>\n<\/div>\n                <\/div>\n\t\t\t\n\t\t\t                <h4 class=\"entry-details-title\">\n                    <a href=\"https:\/\/algarvelandscape.com\/en\/discover-the-magic-of-spring-in-the-algarve-with-genista-hirsuta\/\">Discover the Magic of Spring in the Algarve with Genista Hirsuta<\/a>\n                <\/h4>\n\t\t\t\n\t\t\t<p>When spring arrives in the Algarve, nature unveils a spectacle of colours and aromas that fills the atmosphere with joy. One of...<\/p>\n            <a class=\"gs-read-more\" href=\"https:\/\/algarvelandscape.com\/en\/discover-the-magic-of-spring-in-the-algarve-with-genista-hirsuta\/\">\n                <span class=\"text\">Read More<\/span>\n                <svg version=\"1.1\" xmlns=\"http:\/\/www.w3.org\/2000\/svg\" xmlns:xlink=\"http:\/\/www.w3.org\/1999\/xlink\" x=\"0px\" y=\"0px\" viewbox=\"0 0 22 12\" style=\"enable-background:new 0 0 22 12;\" xml:space=\"preserve\"><line x1=\"0.3\" y1=\"6\" x2=\"21.3\" y2=\"6\"><\/line><polyline points=\"15.8,0.6 21.3,6 15.8,11.4 \"><\/polyline><\/svg>\n            <\/a>\n        <\/div>\n    <\/div>\n\n<\/div>                <\/div>\n\t\t\t<\/article>\n\t\t\t<\/div>\n\n            <div class=\"gs-pagination\">\n                <div class=\"d-flex align-items-center justify-content-center medium-pt\">\n\t\t\t\t\t<ul class='page-numbers'>\n\t<li><span aria-current=\"page\" class=\"page-numbers current\">1<\/span><\/li>\n\t<li><a class=\"page-numbers\" href=\"https:\/\/algarvelandscape.com\/wp-json\/wp\/v2\/pages\/475\/page\/2\/\">2<\/a><\/li>\n\t<li><a class=\"next page-numbers\" href=\"https:\/\/algarvelandscape.com\/wp-json\/wp\/v2\/pages\/475\/page\/2\/\"><i class=\"material-icons\">keyboard_arrow_right<\/i><\/a><\/li>\n<\/ul>\n                <\/div>\n            <\/div>\n\n\t\t\n\n                <\/div>\n\t\t\t<\/div>\n\t\t\t\t<\/div>\n\t\t\t\t<\/div>\n\t\t\t\t\t<\/div>\n\t\t<\/div>\n\t\t\t\t\t<\/div>\n\t\t<\/section>\n\t\t\t\t\t<\/div>\n\t\t<\/div>\n\t\t\t\t\t<\/div>\n\t\t<\/section>\n\t\t\t\t<\/div>","protected":false},"excerpt":{"rendered":"<p>Blog Janeiro 27, 2026 Exterior Topografia como decis\u00e3o estrutural de projeto em Arquitetura Paisagista A topografia como ponto de partida do projeto Em&#8230;<\/p>","protected":false},"author":1,"featured_media":0,"parent":0,"menu_order":0,"comment_status":"closed","ping_status":"closed","template":"","meta":{"_acf_changed":false,"_themeisle_gutenberg_block_has_review":false,"footnotes":""},"acf":[],"yoast_head":"<!-- This site is optimized with the Yoast SEO plugin v23.4 - https:\/\/yoast.com\/wordpress\/plugins\/seo\/ -->\n<title>Blog - Arquitectura Paisagista | ALA - Algarve Landscape Architects<\/title>\n<meta name=\"description\" content=\"Siga as nossas \u00faltimas not\u00edcias\" \/>\n<meta name=\"robots\" content=\"index, follow, max-snippet:-1, max-image-preview:large, max-video-preview:-1\" \/>\n<link rel=\"canonical\" href=\"https:\/\/algarvelandscape.com\/en\/blog\/\" \/>\n<meta property=\"og:locale\" content=\"en_GB\" \/>\n<meta property=\"og:type\" content=\"article\" \/>\n<meta property=\"og:title\" content=\"Blog - Arquitectura Paisagista | ALA - Algarve Landscape Architects\" \/>\n<meta property=\"og:description\" content=\"Siga as nossas \u00faltimas not\u00edcias\" \/>\n<meta property=\"og:url\" content=\"https:\/\/algarvelandscape.com\/en\/blog\/\" \/>\n<meta property=\"og:site_name\" content=\"Arquitectura Paisagista | ALA - Algarve Landscape Architects\" \/>\n<meta property=\"article:modified_time\" content=\"2026-01-27T11:10:36+00:00\" \/>\n<meta property=\"og:image\" content=\"https:\/\/algarvelandscape.com\/wp-content\/uploads\/2026\/01\/IMG-20250908-WA0020.jpg\" \/>\n<meta name=\"twitter:card\" content=\"summary_large_image\" \/>\n<meta name=\"twitter:label1\" content=\"Estimated reading time\" \/>\n\t<meta name=\"twitter:data1\" content=\"4 minutes\" \/>\n<script type=\"application\/ld+json\" class=\"yoast-schema-graph\">{\"@context\":\"https:\/\/schema.org\",\"@graph\":[{\"@type\":\"WebPage\",\"@id\":\"https:\/\/algarvelandscape.com\/blog\/\",\"url\":\"https:\/\/algarvelandscape.com\/blog\/\",\"name\":\"Blog - Arquitectura Paisagista | ALA - Algarve Landscape Architects\",\"isPartOf\":{\"@id\":\"https:\/\/algarvelandscape.com\/#website\"},\"primaryImageOfPage\":{\"@id\":\"https:\/\/algarvelandscape.com\/blog\/#primaryimage\"},\"image\":{\"@id\":\"https:\/\/algarvelandscape.com\/blog\/#primaryimage\"},\"thumbnailUrl\":\"https:\/\/algarvelandscape.com\/wp-content\/uploads\/2026\/01\/IMG-20250908-WA0020.jpg\",\"datePublished\":\"2020-08-10T08:39:33+00:00\",\"dateModified\":\"2026-01-27T11:10:36+00:00\",\"description\":\"Siga as nossas \u00faltimas not\u00edcias\",\"breadcrumb\":{\"@id\":\"https:\/\/algarvelandscape.com\/blog\/#breadcrumb\"},\"inLanguage\":\"en-GB\",\"potentialAction\":[{\"@type\":\"ReadAction\",\"target\":[\"https:\/\/algarvelandscape.com\/blog\/\"]}]},{\"@type\":\"ImageObject\",\"inLanguage\":\"en-GB\",\"@id\":\"https:\/\/algarvelandscape.com\/blog\/#primaryimage\",\"url\":\"https:\/\/algarvelandscape.com\/wp-content\/uploads\/2026\/01\/IMG-20250908-WA0020.jpg\",\"contentUrl\":\"https:\/\/algarvelandscape.com\/wp-content\/uploads\/2026\/01\/IMG-20250908-WA0020.jpg\"},{\"@type\":\"BreadcrumbList\",\"@id\":\"https:\/\/algarvelandscape.com\/blog\/#breadcrumb\",\"itemListElement\":[{\"@type\":\"ListItem\",\"position\":1,\"name\":\"In\u00edcio\",\"item\":\"https:\/\/algarvelandscape.com\/\"},{\"@type\":\"ListItem\",\"position\":2,\"name\":\"Blog\"}]},{\"@type\":\"WebSite\",\"@id\":\"https:\/\/algarvelandscape.com\/#website\",\"url\":\"https:\/\/algarvelandscape.com\/\",\"name\":\"Arquitectura Paisagista | ALA - Algarve Landscape Architects\",\"description\":\"A experi\u00eancia acumulada, a utiliza\u00e7\u00e3o de esp\u00e9cies aut\u00f3ctones, as t\u00e9cnicas de irriga\u00e7\u00e3o optimizadas e as estrat\u00e9gias adaptadas \u00e0s condi\u00e7\u00f5es de cada lugar, constituem os nossos pilares de interven\u00e7\u00e3o.\",\"potentialAction\":[{\"@type\":\"SearchAction\",\"target\":{\"@type\":\"EntryPoint\",\"urlTemplate\":\"https:\/\/algarvelandscape.com\/?s={search_term_string}\"},\"query-input\":{\"@type\":\"PropertyValueSpecification\",\"valueRequired\":true,\"valueName\":\"search_term_string\"}}],\"inLanguage\":\"en-GB\"}]}<\/script>\n<!-- \/ Yoast SEO plugin. -->","yoast_head_json":{"title":"Blog - Landscape Architecture | ALA - Algarve Landscape Architects","description":"Follow our latest news","robots":{"index":"index","follow":"follow","max-snippet":"max-snippet:-1","max-image-preview":"max-image-preview:large","max-video-preview":"max-video-preview:-1"},"canonical":"https:\/\/algarvelandscape.com\/en\/blog\/","og_locale":"en_GB","og_type":"article","og_title":"Blog - Arquitectura Paisagista | ALA - Algarve Landscape Architects","og_description":"Siga as nossas \u00faltimas not\u00edcias","og_url":"https:\/\/algarvelandscape.com\/en\/blog\/","og_site_name":"Arquitectura Paisagista | ALA - Algarve Landscape Architects","article_modified_time":"2026-01-27T11:10:36+00:00","og_image":[{"url":"https:\/\/algarvelandscape.com\/wp-content\/uploads\/2026\/01\/IMG-20250908-WA0020.jpg"}],"twitter_card":"summary_large_image","twitter_misc":{"Estimated reading time":"4 minutes"},"schema":{"@context":"https:\/\/schema.org","@graph":[{"@type":"WebPage","@id":"https:\/\/algarvelandscape.com\/blog\/","url":"https:\/\/algarvelandscape.com\/blog\/","name":"Blog - Landscape Architecture | ALA - Algarve Landscape Architects","isPartOf":{"@id":"https:\/\/algarvelandscape.com\/#website"},"primaryImageOfPage":{"@id":"https:\/\/algarvelandscape.com\/blog\/#primaryimage"},"image":{"@id":"https:\/\/algarvelandscape.com\/blog\/#primaryimage"},"thumbnailUrl":"https:\/\/algarvelandscape.com\/wp-content\/uploads\/2026\/01\/IMG-20250908-WA0020.jpg","datePublished":"2020-08-10T08:39:33+00:00","dateModified":"2026-01-27T11:10:36+00:00","description":"Follow our latest news","breadcrumb":{"@id":"https:\/\/algarvelandscape.com\/blog\/#breadcrumb"},"inLanguage":"en-GB","potentialAction":[{"@type":"ReadAction","target":["https:\/\/algarvelandscape.com\/blog\/"]}]},{"@type":"ImageObject","inLanguage":"en-GB","@id":"https:\/\/algarvelandscape.com\/blog\/#primaryimage","url":"https:\/\/algarvelandscape.com\/wp-content\/uploads\/2026\/01\/IMG-20250908-WA0020.jpg","contentUrl":"https:\/\/algarvelandscape.com\/wp-content\/uploads\/2026\/01\/IMG-20250908-WA0020.jpg"},{"@type":"BreadcrumbList","@id":"https:\/\/algarvelandscape.com\/blog\/#breadcrumb","itemListElement":[{"@type":"ListItem","position":1,"name":"In\u00edcio","item":"https:\/\/algarvelandscape.com\/"},{"@type":"ListItem","position":2,"name":"Blog"}]},{"@type":"WebSite","@id":"https:\/\/algarvelandscape.com\/#website","url":"https:\/\/algarvelandscape.com\/","name":"Landscape Architecture | ALA - Algarve Landscape Architects","description":"Accumulated experience, the use of native species, optimised irrigation techniques and strategies adapted to the conditions of each location are the pillars of our intervention.","potentialAction":[{"@type":"SearchAction","target":{"@type":"EntryPoint","urlTemplate":"https:\/\/algarvelandscape.com\/?s={search_term_string}"},"query-input":{"@type":"PropertyValueSpecification","valueRequired":true,"valueName":"search_term_string"}}],"inLanguage":"en-GB"}]}},"_links":{"self":[{"href":"https:\/\/algarvelandscape.com\/en\/wp-json\/wp\/v2\/pages\/475"}],"collection":[{"href":"https:\/\/algarvelandscape.com\/en\/wp-json\/wp\/v2\/pages"}],"about":[{"href":"https:\/\/algarvelandscape.com\/en\/wp-json\/wp\/v2\/types\/page"}],"author":[{"embeddable":true,"href":"https:\/\/algarvelandscape.com\/en\/wp-json\/wp\/v2\/users\/1"}],"replies":[{"embeddable":true,"href":"https:\/\/algarvelandscape.com\/en\/wp-json\/wp\/v2\/comments?post=475"}],"version-history":[{"count":18,"href":"https:\/\/algarvelandscape.com\/en\/wp-json\/wp\/v2\/pages\/475\/revisions"}],"predecessor-version":[{"id":3802,"href":"https:\/\/algarvelandscape.com\/en\/wp-json\/wp\/v2\/pages\/475\/revisions\/3802"}],"wp:attachment":[{"href":"https:\/\/algarvelandscape.com\/en\/wp-json\/wp\/v2\/media?parent=475"}],"curies":[{"name":"wp","href":"https:\/\/api.w.org\/{rel}","templated":true}]}}